{"id":15978,"date":"2025-12-17T10:16:19","date_gmt":"2025-12-17T09:16:19","guid":{"rendered":"https:\/\/theflightroom.hr\/?page_id=15978"},"modified":"2026-01-22T11:56:50","modified_gmt":"2026-01-22T10:56:50","slug":"pravila-nagradne-igre-crash-or-land","status":"publish","type":"page","link":"https:\/\/theflightroom.hr\/en\/pravila-nagradne-igre-crash-or-land\/","title":{"rendered":"Pravila nagradne igre &#8211; Crash or Land"},"content":{"rendered":"<div data-elementor-type=\"wp-page\" data-elementor-id=\"15978\" class=\"elementor elementor-15978\" data-elementor-post-type=\"page\">\n\t\t\t\t\t\t<section class=\"elementor-section elementor-top-section elementor-element elementor-element-1d205e6 elementor-section-boxed elementor-section-height-default elementor-section-height-default sc_fly_static\" data-id=\"1d205e6\" data-element_type=\"section\" data-e-type=\"section\">\n\t\t\t\t\t\t<div class=\"elementor-container elementor-column-gap-extended\">\n\t\t\t\t\t<div class=\"elementor-column elementor-col-100 elementor-top-column elementor-element elementor-element-d492f0c sc_inner_width_none sc_content_align_inherit sc_layouts_column_icons_position_left sc_fly_static\" data-id=\"d492f0c\" data-element_type=\"column\" data-e-type=\"column\">\n\t\t\t<div class=\"elementor-widget-wrap elementor-element-populated\">\n\t\t\t\t\t\t<div class=\"elementor-element elementor-element-88dcf38 sc_fly_static elementor-widget elementor-widget-text-editor\" data-id=\"88dcf38\" data-element_type=\"widget\" data-e-type=\"widget\" data-widget_type=\"text-editor.default\">\n\t\t\t\t<div class=\"elementor-widget-container\">\n\t\t\t\t\t\t\t\t\t<h1 style=\"letter-spacing: normal; caret-color: #000000; color: #000000;\" data-start=\"362\" data-end=\"396\">PRAVILA NAGRADNOG NATJECANJA &#8211; Crash or Land<\/h1>\n<hr style=\"letter-spacing: normal;\" data-start=\"427\" data-end=\"430\">\n<h2 style=\"letter-spacing: normal; caret-color: #000000; color: #000000;\" data-start=\"432\" data-end=\"453\"><strong data-start=\"435\" data-end=\"453\">1. ORGANIZATOR<\/strong><\/h2>\n<p style=\"font-style: normal; letter-spacing: normal; caret-color: #000000; color: #000000;\" data-start=\"455\" data-end=\"580\">Organizator nagradnog natjecanja je&nbsp;<strong data-start=\"491\" data-end=\"510\">The Flight Room (JUST FLY d.o.o.)<\/strong>, Kranj\u010devi\u0107eva 36, Zagreb, Hrvatska (u daljnjem tekstu: Organizator).<\/p>\n<p style=\"font-style: normal; letter-spacing: normal; caret-color: #000000; color: #000000;\" data-start=\"582\" data-end=\"660\">Nagradno natjecanje provodi se u sklopu iskustva &#8220;<strong data-start=\"631\" data-end=\"659\">Crash or Land izazov&#8221;<\/strong>.<\/p>\n<hr style=\"letter-spacing: normal;\" data-start=\"662\" data-end=\"665\">\n<h2 style=\"letter-spacing: normal; caret-color: #000000; color: #000000;\" data-start=\"667\" data-end=\"706\"><strong data-start=\"670\" data-end=\"706\">2. TRAJANJE NAGRADNOG NATJECANJA<\/strong><\/h2>\n<p style=\"font-style: normal; letter-spacing: normal; caret-color: #000000; color: #000000;\" data-start=\"708\" data-end=\"802\">Nagradno natjecanje traje od 10<strong data-start=\"737\" data-end=\"777\">. velja\u010de 2026. do 30. lipnja 2026.<\/strong>, uklju\u010duju\u0107i oba datuma.<\/p>\n<p style=\"font-style: normal; letter-spacing: normal; caret-color: #000000; color: #000000;\" data-start=\"804\" data-end=\"921\">Mjese\u010dne nagrade dodjeljuju se tijekom trajanja natjecanja, dok se glavna nagrada dodjeljuje po zavr\u0161etku natjecanja.<\/p>\n<hr style=\"letter-spacing: normal;\" data-start=\"923\" data-end=\"926\">\n<h2 style=\"letter-spacing: normal; caret-color: #000000; color: #000000;\" data-start=\"928\" data-end=\"956\"><strong data-start=\"931\" data-end=\"956\">3. PRAVO SUDJELOVANJA<\/strong><\/h2>\n<p style=\"font-style: normal; letter-spacing: normal; caret-color: #000000; color: #000000;\" data-start=\"958\" data-end=\"1031\">Pravo sudjelovanja imaju sve fizi\u010dke osobe starije od 14 godina koje:<\/p>\n<ul style=\"font-style: normal; letter-spacing: normal; caret-color: #000000; color: #000000;\" data-start=\"1032\" data-end=\"1193\">\n<li data-start=\"1032\" data-end=\"1102\">\n<p data-start=\"1034\" data-end=\"1102\">sudjeluju u iskustvu&nbsp;<em data-start=\"1055\" data-end=\"1081\">Crash or Land<\/em>&nbsp;u The Flight Roomu<\/p>\n<\/li>\n<li data-start=\"1103\" data-end=\"1145\">\n<p data-start=\"1105\" data-end=\"1145\">sudjeluju kao dio tima od 2 (dvije) osobe<\/p>\n<\/li>\n<li data-start=\"1146\" data-end=\"1193\">\n<p data-start=\"1148\" data-end=\"1193\">prihva\u0107aju ova Pravila nagradnog natjecanja<\/p>\n<\/li>\n<\/ul>\n<p style=\"font-style: normal; letter-spacing: normal; caret-color: #000000; color: #000000;\" data-start=\"1195\" data-end=\"1294\">Zaposlenici Organizatora i s njima povezane osobe nemaju pravo sudjelovanja u nagradnom natjecanju.<\/p>\n<hr style=\"letter-spacing: normal;\" data-start=\"1296\" data-end=\"1299\">\n<h2 style=\"letter-spacing: normal; caret-color: #000000; color: #000000;\" data-start=\"1301\" data-end=\"1329\"><strong data-start=\"1304\" data-end=\"1329\">4. NA\u010cIN SUDJELOVANJA<\/strong><\/h2>\n<p style=\"font-style: normal; letter-spacing: normal; caret-color: #000000; color: #000000;\" data-start=\"1331\" data-end=\"1484\">Sudjelovanje u nagradnom natjecanju je&nbsp;<strong data-start=\"1370\" data-end=\"1384\">automatsko<\/strong>&nbsp;za sve timove koji uspje\u0161no odrade iskustvo&nbsp;<em data-start=\"1429\" data-end=\"1455\">&nbsp;Crash or Land<\/em>&nbsp;tijekom trajanja natjecanja.<\/p>\n<p style=\"font-style: normal; letter-spacing: normal; caret-color: #000000; color: #000000;\" data-start=\"1486\" data-end=\"1568\">Nije potrebna dodatna prijava, uplata ili aktivnost izvan sudjelovanja u iskustvu.<\/p>\n<hr style=\"letter-spacing: normal;\" data-start=\"1570\" data-end=\"1573\">\n<h2 style=\"letter-spacing: normal; caret-color: #000000; color: #000000;\" data-start=\"1575\" data-end=\"1607\"><strong data-start=\"1578\" data-end=\"1607\">5. KRITERIJI OCJENJIVANJA<\/strong><\/h2>\n<p style=\"font-style: normal; letter-spacing: normal; caret-color: #000000; color: #000000;\" data-start=\"1609\" data-end=\"1767\">Izvedba svakog tima automatski se analizira putem <a href=\"https:\/\/simora.cloud\">s<strong data-start=\"1659\" data-end=\"1688\">imora.aero cloud sustava<\/strong><\/a>, koji generira f<strong data-start=\"1704\" data-end=\"1720\">light score<\/strong>&nbsp;temeljen na objektivnim pilotskim kriterijima.<\/p>\n<p style=\"font-style: normal; letter-spacing: normal; caret-color: #000000; color: #000000;\" data-start=\"1769\" data-end=\"1931\">Flight score slu\u017ei isklju\u010divo za rangiranje timova unutar ovog nagradnog natjecanja.<br data-start=\"1853\" data-end=\"1856\">Odluke simora.aero sustava smatraju se&nbsp;<strong data-start=\"1895\" data-end=\"1908\">kona\u010dnima<\/strong>&nbsp;i nisu podlo\u017ene \u017ealbi.<\/p>\n<hr style=\"letter-spacing: normal;\" data-start=\"1933\" data-end=\"1936\">\n<h2 style=\"letter-spacing: normal; caret-color: #000000; color: #000000;\" data-start=\"1938\" data-end=\"1955\"><strong data-start=\"1941\" data-end=\"1955\">6. NAGRADE<\/strong><\/h2>\n<h3 style=\"letter-spacing: normal; caret-color: #000000; color: #000000;\" data-start=\"1957\" data-end=\"1981\"><strong data-start=\"1961\" data-end=\"1981\">Mjese\u010dna nagrada<\/strong><\/h3>\n<p style=\"font-style: normal; letter-spacing: normal; caret-color: #000000; color: #000000;\" data-start=\"1982\" data-end=\"2030\">Najbolji tim svakog kalendarskog mjeseca osvaja:<\/p>\n<ul style=\"font-style: normal; letter-spacing: normal; caret-color: #000000; color: #000000;\" data-start=\"2031\" data-end=\"2082\">\n<li data-start=\"2031\" data-end=\"2082\">\n<p data-start=\"2033\" data-end=\"2082\"><strong data-start=\"2033\" data-end=\"2082\">The Flight Room paket u trajanju od 90 minuta (<a href=\"https:\/\/theflightroom.hr\/en\/paketi\/navigators-quest\/?date=2025-10-05\">Navigator&#8217;s Quest<\/a>)<\/strong><\/p>\n<\/li>\n<\/ul>\n<h3 style=\"letter-spacing: normal; caret-color: #000000; color: #000000;\" data-start=\"2084\" data-end=\"2106\"><strong data-start=\"2088\" data-end=\"2106\">Glavna nagrada<\/strong><\/h3>\n<p style=\"font-style: normal; letter-spacing: normal; caret-color: #000000; color: #000000;\" data-start=\"2107\" data-end=\"2174\">Po zavr\u0161etku nagradnog natjecanja, ukupno najbolji tim (s najvise bodova) osvaja:<\/p>\n<ul style=\"font-style: normal; letter-spacing: normal; caret-color: #000000; color: #000000;\" data-start=\"2175\" data-end=\"2277\">\n<li data-start=\"2175\" data-end=\"2277\">\n<p data-start=\"2177\" data-end=\"2277\"><strong data-start=\"2177\" data-end=\"2228\">poklon bon za 60 minutno iskustvo u full flight motion simulatoru u Be\u010du<\/strong>, u simulatoru kakav koriste profesionalni piloti<\/p>\n<\/li>\n<\/ul>\n<p style=\"font-style: normal; letter-spacing: normal; caret-color: #000000; color: #000000;\" data-start=\"2279\" data-end=\"2342\">Nagrade nisu zamjenjive za novac niti prenosive na tre\u0107e osobe.<\/p>\n<hr style=\"letter-spacing: normal;\" data-start=\"2344\" data-end=\"2347\">\n<h2 style=\"letter-spacing: normal; caret-color: #000000; color: #000000;\" data-start=\"2349\" data-end=\"2375\"><strong data-start=\"2352\" data-end=\"2375\">7. ODABIR DOBITNIKA<\/strong><\/h2>\n<p style=\"font-style: normal; letter-spacing: normal; caret-color: #000000; color: #000000;\" data-start=\"2377\" data-end=\"2522\">Dobitnici se odre\u0111uju na temelju ostvarenog&nbsp;<strong data-start=\"2421\" data-end=\"2438\">broja bodova<\/strong>.<br data-start=\"2439\" data-end=\"2442\">U slu\u010daju jednakog rezultata, prednost ima tim koji je ranije ostvario rezultat.<\/p>\n<p style=\"font-style: normal; letter-spacing: normal; caret-color: #000000; color: #000000;\" data-start=\"2524\" data-end=\"2635\">Organizator zadr\u017eava pravo provjere rezultata i diskvalifikacije u slu\u010daju tehni\u010dke pogre\u0161ke ili nepravilnosti.<\/p>\n<hr style=\"letter-spacing: normal;\" data-start=\"2637\" data-end=\"2640\">\n<h2 style=\"letter-spacing: normal; caret-color: #000000; color: #000000;\" data-start=\"2642\" data-end=\"2668\"><strong data-start=\"2645\" data-end=\"2668\">8. OBJAVA DOBITNIKA<\/strong><\/h2>\n<p style=\"font-style: normal; letter-spacing: normal; caret-color: #000000; color: #000000;\" data-start=\"2670\" data-end=\"2701\">Dobitnici \u0107e biti obavije\u0161teni:<\/p>\n<ul style=\"font-style: normal; letter-spacing: normal; caret-color: #000000; color: #000000;\" data-start=\"2702\" data-end=\"2823\">\n<li data-start=\"2702\" data-end=\"2761\">\n<p data-start=\"2704\" data-end=\"2761\">putem kontakt podataka ostavljenih prilikom rezervacije<\/p>\n<\/li>\n<li data-start=\"2762\" data-end=\"2823\">\n<p data-start=\"2764\" data-end=\"2823\">i\/ili putem slu\u017ebenih komunikacijskih kanala Organizatora<\/p>\n<\/li>\n<\/ul>\n<p style=\"font-style: normal; letter-spacing: normal; caret-color: #000000; color: #000000;\" data-start=\"2825\" data-end=\"2895\">Objava mo\u017ee uklju\u010divati naziv tima, uz prethodnu suglasnost sudionika.<\/p>\n<hr style=\"letter-spacing: normal;\" data-start=\"2897\" data-end=\"2900\">\n<h2 style=\"letter-spacing: normal; caret-color: #000000; color: #000000;\" data-start=\"2902\" data-end=\"2936\"><strong data-start=\"2905\" data-end=\"2936\">9. ZA\u0160TITA OSOBNIH PODATAKA<\/strong><\/h2>\n<p style=\"font-style: normal; letter-spacing: normal; caret-color: #000000; color: #000000;\" data-start=\"2938\" data-end=\"3086\">Osobni podaci sudionika koriste se isklju\u010divo u svrhu provedbe nagradnog natjecanja, u skladu s va\u017ee\u0107im propisima o za\u0161titi osobnih podataka (GDPR).<\/p>\n<p style=\"font-style: normal; letter-spacing: normal; caret-color: #000000; color: #000000;\" data-start=\"3088\" data-end=\"3162\">Podaci se ne\u0107e koristiti u druge svrhe bez izri\u010dite suglasnosti sudionika.<\/p>\n<hr style=\"letter-spacing: normal;\" data-start=\"3164\" data-end=\"3167\">\n<h2 style=\"letter-spacing: normal; caret-color: #000000; color: #000000;\" data-start=\"3169\" data-end=\"3191\"><strong data-start=\"3172\" data-end=\"3191\">10. ODGOVORNOST<\/strong><\/h2>\n<p style=\"font-style: normal; letter-spacing: normal; caret-color: #000000; color: #000000;\" data-start=\"3193\" data-end=\"3312\">Nagradno natjecanje odvija se u simulatoru i ne uklju\u010duje nikakav fizi\u010dki rizik.<br data-start=\"3273\" data-end=\"3276\">Organizator ne snosi odgovornost za:<\/p>\n<ul style=\"font-style: normal; letter-spacing: normal; caret-color: #000000; color: #000000;\" data-start=\"3313\" data-end=\"3456\">\n<li data-start=\"3313\" data-end=\"3348\">\n<p data-start=\"3315\" data-end=\"3348\">subjektivni do\u017eivljaj sudionika<\/p>\n<\/li>\n<li data-start=\"3349\" data-end=\"3390\">\n<p data-start=\"3351\" data-end=\"3390\">tehni\u010dke smetnje izvan svoje kontrole<\/p>\n<\/li>\n<li data-start=\"3391\" data-end=\"3456\">\n<p data-start=\"3393\" data-end=\"3456\">nemogu\u0107nost kori\u0161tenja nagrade zbog osobnih razloga dobitnika<\/p>\n<\/li>\n<\/ul>\n<hr style=\"letter-spacing: normal;\" data-start=\"3458\" data-end=\"3461\">\n<h2 style=\"letter-spacing: normal; caret-color: #000000; color: #000000;\" data-start=\"3463\" data-end=\"3489\"><strong data-start=\"3466\" data-end=\"3489\">11. ZAVR\u0160NE ODREDBE<\/strong><\/h2>\n<p style=\"font-style: normal; letter-spacing: normal; caret-color: #000000; color: #000000;\" data-start=\"3491\" data-end=\"3573\">Sudjelovanjem u nagradnom natjecanju sudionici prihva\u0107aju ova Pravila u cijelosti.<\/p>\n<p style=\"font-style: normal; letter-spacing: normal; caret-color: #000000; color: #000000;\" data-start=\"3575\" data-end=\"3665\">Organizator zadr\u017eava pravo izmjene Pravila uz pravovremenu objavu na slu\u017ebenim stranicama.<\/p>\n<p style=\"font-style: normal; letter-spacing: normal; caret-color: #000000; color: #000000;\" data-start=\"3667\" data-end=\"3709\">U slu\u010daju spora nadle\u017ean je sud u Zagrebu.<\/p>\t\t\t\t\t\t\t\t<\/div>\n\t\t\t\t<\/div>\n\t\t\t\t\t<\/div>\n\t\t<\/div>\n\t\t\t\t\t<\/div>\n\t\t<\/section>\n\t\t\t\t<\/div>","protected":false},"excerpt":{"rendered":"<p>PRAVILA NAGRADNOG NATJECANJA &#8211; Crash or Land 1. ORGANIZATOR Organizator nagradnog natjecanja je&nbsp;The Flight Room (JUST FLY d.o.o.), Kranj\u010devi\u0107eva 36, Zagreb, Hrvatska (u daljnjem tekstu: Organizator). Nagradno natjecanje provodi se u sklopu iskustva &#8220;Crash or Land izazov&#8221;. 2. TRAJANJE NAGRADNOG NATJECANJA Nagradno natjecanje traje od 10. velja\u010de 2026.&hellip;<\/p>","protected":false},"author":249266217,"featured_media":0,"parent":0,"menu_order":0,"comment_status":"closed","ping_status":"closed","template":"","meta":{"_crdt_document":"","footnotes":""},"class_list":["post-15978","page","type-page","status-publish","hentry"],"jetpack_likes_enabled":true,"jetpack_sharing_enabled":true,"jetpack_shortlink":"https:\/\/wp.me\/PfGRjM-49I","_links":{"self":[{"href":"https:\/\/theflightroom.hr\/en\/wp-json\/wp\/v2\/pages\/15978","targetHints":{"allow":["GET"]}}],"collection":[{"href":"https:\/\/theflightroom.hr\/en\/wp-json\/wp\/v2\/pages"}],"about":[{"href":"https:\/\/theflightroom.hr\/en\/wp-json\/wp\/v2\/types\/page"}],"author":[{"embeddable":true,"href":"https:\/\/theflightroom.hr\/en\/wp-json\/wp\/v2\/users\/249266217"}],"replies":[{"embeddable":true,"href":"https:\/\/theflightroom.hr\/en\/wp-json\/wp\/v2\/comments?post=15978"}],"version-history":[{"count":10,"href":"https:\/\/theflightroom.hr\/en\/wp-json\/wp\/v2\/pages\/15978\/revisions"}],"predecessor-version":[{"id":16691,"href":"https:\/\/theflightroom.hr\/en\/wp-json\/wp\/v2\/pages\/15978\/revisions\/16691"}],"wp:attachment":[{"href":"https:\/\/theflightroom.hr\/en\/wp-json\/wp\/v2\/media?parent=15978"}],"curies":[{"name":"wp","href":"https:\/\/api.w.org\/{rel}","templated":true}]}}