{"id":6662,"date":"2024-06-22T21:57:30","date_gmt":"2024-06-22T19:57:30","guid":{"rendered":"https:\/\/theflightroom.hr\/?page_id=6662"},"modified":"2024-08-18T12:55:27","modified_gmt":"2024-08-18T10:55:27","slug":"legal","status":"publish","type":"page","link":"https:\/\/theflightroom.hr\/en\/legal\/","title":{"rendered":"Legal info"},"content":{"rendered":"<div data-elementor-type=\"wp-page\" data-elementor-id=\"6662\" class=\"elementor elementor-6662\" data-elementor-post-type=\"page\">\n\t\t\t\t\t\t<section class=\"elementor-section elementor-top-section elementor-element elementor-element-17a8f elementor-section-boxed elementor-section-height-default elementor-section-height-default sc_fly_static\" data-id=\"17a8f\" data-element_type=\"section\" data-e-type=\"section\">\n\t\t\t\t\t\t<div class=\"elementor-container elementor-column-gap-extended\">\n\t\t\t\t\t<div class=\"elementor-column elementor-col-100 elementor-top-column elementor-element elementor-element-2901ef64 sc_inner_width_none sc_content_align_inherit sc_layouts_column_icons_position_left sc_fly_static\" data-id=\"2901ef64\" data-element_type=\"column\" data-e-type=\"column\">\n\t\t\t<div class=\"elementor-widget-wrap elementor-element-populated\">\n\t\t\t\t\t\t<div class=\"elementor-element elementor-element-6dfaddac sc_fly_static elementor-widget elementor-widget-text-editor\" data-id=\"6dfaddac\" data-element_type=\"widget\" data-e-type=\"widget\" data-widget_type=\"text-editor.default\">\n\t\t\t\t<div class=\"elementor-widget-container\">\n\t\t\t\t\t\t\t\t\t\n<h4>Podaci o JUST FLY d.o.o.<\/h4>\n<p class=\"wp-block-paragraph\">Dru\u0161tvo JUST FLY d.o.o sa sjedi\u0161tem u Samoboru je upisano u sudski registar Trgova\u010dkog suda u Zagrebu pod brojem 081569654. OIB: 13796349077 Temeljni kapital dru\u0161tva iznosi 2.500,00 EUR i upla\u0107en je u cijelosti. Poslovna banka je Erste&amp;Steierm\u00e4rkische Bank d.d. sa sjedi\u0161tem u Rijeci, IBAN: HR20 2402 0061 1012 1641 8, Direktor: Petra Lucia Jovic<\/p>\n\t\t\t\t\t\t\t\t<\/div>\n\t\t\t\t<\/div>\n\t\t\t\t\t<\/div>\n\t\t<\/div>\n\t\t\t\t\t<\/div>\n\t\t<\/section>\n\t\t\t\t<\/div>","protected":false},"excerpt":{"rendered":"<p>Podaci o JUST FLY d.o.o. Dru\u0161tvo JUST FLY d.o.o sa sjedi\u0161tem u Samoboru je upisano u sudski registar Trgova\u010dkog suda u Zagrebu pod brojem 081569654. OIB: 13796349077 Temeljni kapital dru\u0161tva iznosi 2.500,00 EUR i upla\u0107en je u cijelosti. Poslovna banka je Erste&amp;Steierm\u00e4rkische Bank d.d. sa sjedi\u0161tem u Rijeci,&hellip;<\/p>","protected":false},"author":249266217,"featured_media":0,"parent":0,"menu_order":0,"comment_status":"closed","ping_status":"closed","template":"","meta":{"_crdt_document":"","footnotes":""},"class_list":["post-6662","page","type-page","status-publish","hentry"],"jetpack_likes_enabled":true,"jetpack_sharing_enabled":true,"jetpack_shortlink":"https:\/\/wp.me\/PfGRjM-1Js","_links":{"self":[{"href":"https:\/\/theflightroom.hr\/en\/wp-json\/wp\/v2\/pages\/6662","targetHints":{"allow":["GET"]}}],"collection":[{"href":"https:\/\/theflightroom.hr\/en\/wp-json\/wp\/v2\/pages"}],"about":[{"href":"https:\/\/theflightroom.hr\/en\/wp-json\/wp\/v2\/types\/page"}],"author":[{"embeddable":true,"href":"https:\/\/theflightroom.hr\/en\/wp-json\/wp\/v2\/users\/249266217"}],"replies":[{"embeddable":true,"href":"https:\/\/theflightroom.hr\/en\/wp-json\/wp\/v2\/comments?post=6662"}],"version-history":[{"count":6,"href":"https:\/\/theflightroom.hr\/en\/wp-json\/wp\/v2\/pages\/6662\/revisions"}],"predecessor-version":[{"id":6744,"href":"https:\/\/theflightroom.hr\/en\/wp-json\/wp\/v2\/pages\/6662\/revisions\/6744"}],"wp:attachment":[{"href":"https:\/\/theflightroom.hr\/en\/wp-json\/wp\/v2\/media?parent=6662"}],"curies":[{"name":"wp","href":"https:\/\/api.w.org\/{rel}","templated":true}]}}