{"id":68,"date":"2019-07-19T13:34:02","date_gmt":"2019-07-19T13:34:02","guid":{"rendered":"https:\/\/theflightroom.hr\/?page_id=68"},"modified":"2024-08-18T13:00:28","modified_gmt":"2024-08-18T11:00:28","slug":"politika-privatnosti","status":"publish","type":"page","link":"https:\/\/theflightroom.hr\/en\/privacy-policy\/","title":{"rendered":"Privacy policy"},"content":{"rendered":"<div data-elementor-type=\"wp-post\" data-elementor-id=\"68\" class=\"elementor elementor-68\" data-elementor-post-type=\"page\">\n\t\t\t\t\t\t<section class=\"elementor-section elementor-top-section elementor-element elementor-element-1df4b83 elementor-section-boxed elementor-section-height-default elementor-section-height-default sc_fly_static\" data-id=\"1df4b83\" data-element_type=\"section\" data-e-type=\"section\">\n\t\t\t\t\t\t<div class=\"elementor-container elementor-column-gap-extended\">\n\t\t\t\t\t<div class=\"elementor-column elementor-col-100 elementor-top-column elementor-element elementor-element-1d67a86 sc_inner_width_none sc_content_align_inherit sc_layouts_column_icons_position_left sc_fly_static\" data-id=\"1d67a86\" data-element_type=\"column\" data-e-type=\"column\">\n\t\t\t<div class=\"elementor-widget-wrap\">\n\t\t\t\t\t\t\t<\/div>\n\t\t<\/div>\n\t\t\t\t\t<\/div>\n\t\t<\/section>\n\t\t\t\t<section class=\"elementor-section elementor-top-section elementor-element elementor-element-3fa7fc9c elementor-section-boxed elementor-section-height-default elementor-section-height-default sc_fly_static\" data-id=\"3fa7fc9c\" data-element_type=\"section\" data-e-type=\"section\" data-settings=\"{&quot;background_background&quot;:&quot;classic&quot;}\">\n\t\t\t\t\t\t<div class=\"elementor-container elementor-column-gap-extended\">\n\t\t\t\t\t<div class=\"elementor-column elementor-col-100 elementor-top-column elementor-element elementor-element-e73743a sc_inner_width_none sc_content_align_inherit sc_layouts_column_icons_position_left sc_fly_static\" data-id=\"e73743a\" data-element_type=\"column\" data-e-type=\"column\">\n\t\t\t<div class=\"elementor-widget-wrap elementor-element-populated\">\n\t\t\t\t\t\t<div class=\"elementor-element elementor-element-296d2898 sc_fly_static elementor-widget elementor-widget-text-editor\" data-id=\"296d2898\" data-element_type=\"widget\" data-e-type=\"widget\" data-widget_type=\"text-editor.default\">\n\t\t\t\t<div class=\"elementor-widget-container\">\n\t\t\t\t\t\t\t\t\t<h3>Privacy policy<\/h3>\n<p><strong>The Flight Room<\/strong>, brend u vlasni\u0161tvu tvrtke <strong>Just Fly d.o.o.<\/strong>, po\u0161tuje va\u0161u privatnost i obvezuje se \u0161tititi osobne podatke koje prikupljamo putem na\u0161e web stranice i webshopa. Ova politika privatnosti obja\u0161njava kako prikupljamo, koristimo, dijelimo i \u0161titimo va\u0161e podatke te koja su va\u0161a prava u vezi s tim podacima.<\/p>\n<h4>1. Prikupljanje podataka<\/h4>\n<p>Prikupljamo sljede\u0107e vrste podataka:<\/p>\n<ul>\n<li><strong>Osobni podaci<\/strong>: ime, prezime, adresa, e-mail, telefonski broj.<\/li>\n<li><strong>Podaci o kupovini<\/strong>: informacije o poklon karticama, rezervacijama termina, i drugim proizvodima\/uslugama koje kupite.<\/li>\n<li><strong>Podaci o pla\u0107anju<\/strong>: broj kreditne kartice, datum isteka kartice, sigurnosni kod i druge potrebne informacije za obradu pla\u0107anja.<\/li>\n<li><strong>Tehni\u010dki podaci<\/strong>: IP adresa, tip preglednika, operativni sustav, i podaci o kori\u0161tenju na\u0161e web stranice.<\/li>\n<\/ul>\n<h4>2. Kori\u0161tenje podataka<\/h4>\n<p>Va\u0161e podatke koristimo za:<\/p>\n<ul>\n<li>Obradu narud\u017ebi i rezervacija.<\/li>\n<li>Osiguravanje sigurnog pla\u0107anja.<\/li>\n<li>Komunikaciju s vama u vezi s va\u0161im narud\u017ebama, rezervacijama i upitima.<\/li>\n<li>Pobolj\u0161anje na\u0161ih usluga i korisni\u010dkog iskustva.<\/li>\n<li>Slanje promotivnih materijala i informacija (samo ako ste na to pristali).<\/li>\n<\/ul>\n<h4>3. Dijeljenje podataka<\/h4>\n<p>Va\u0161e podatke dijelimo samo s:<\/p>\n<ul>\n<li>Tre\u0107im stranama koje pru\u017eaju usluge obrade pla\u0107anja.<\/li>\n<li>Dostavnim slu\u017ebama za isporuku proizvoda.<\/li>\n<li>Dr\u017eavnim tijelima kada je to zakonski obavezno.<\/li>\n<\/ul>\n<p>Ne prodajemo va\u0161e osobne podatke tre\u0107im stranama.<\/p>\n<h4>4. Za\u0161tita podataka<\/h4>\n<p>Poduzimamo sve razumne mjere za za\u0161titu va\u0161ih podataka od neovla\u0161tenog pristupa, izmjene, otkrivanja ili uni\u0161tenja. Koristimo SSL enkripciju za za\u0161titu podataka koji se prenose putem na\u0161e web stranice.<\/p>\n<h4>5. Va\u0161a prava<\/h4>\n<p>Imate pravo na:<\/p>\n<ul>\n<li>Pristup svojim osobnim podacima.<\/li>\n<li>Ispravak neto\u010dnih ili nepotpunih podataka.<\/li>\n<li>Brisanje svojih podataka, osim ako smo zakonski obvezni zadr\u017eati ih.<\/li>\n<li>Ograni\u010denje obrade va\u0161ih podataka.<\/li>\n<li>Prigovor na obradu podataka.<\/li>\n<li>Prenosivost podataka.<\/li>\n<\/ul>\n<h4>6. Kola\u010di\u0107i<\/h4>\n<p>Koristimo kola\u010di\u0107e za pobolj\u0161anje funkcionalnosti na\u0161e web stranice i analizu posje\u0107enosti. Mo\u017eete postaviti svoj preglednik da odbije kola\u010di\u0107e, ali to mo\u017ee utjecati na kori\u0161tenje odre\u0111enih dijelova web stranice.<\/p>\n<h4>7. Promjene politike privatnosti<\/h4>\n<p>Zadr\u017eavamo pravo na izmjene ove politike privatnosti. Sve promjene \u0107e biti objavljene na na\u0161oj web stranici.<\/p>\n<h4>8. Kontakt<\/h4>\n<p>Za sva pitanja ili zahtjeve vezane uz va\u0161u privatnost, kontaktirajte nas na:<\/p>\n<ul>\n<li>E-mail: <a rel=\"noreferrer\">hello@theflightroom.hr<\/a><\/li>\n<li>Adresa: JUST FLY d.o.o., Ulica Josipa Jelacica 52, 10430 Samobor, Hrvatska<\/li>\n<\/ul>\n<p>Kori\u0161tenjem na\u0161e web stranice i webshopa, pristajete na uvjete ove politike privatnosti.<\/p>\n<p><strong>Datum stupanja na snagu: 08.07.2024<\/strong><\/p>\t\t\t\t\t\t\t\t<\/div>\n\t\t\t\t<\/div>\n\t\t\t\t\t<\/div>\n\t\t<\/div>\n\t\t\t\t\t<\/div>\n\t\t<\/section>\n\t\t\t\t<\/div>","protected":false},"excerpt":{"rendered":"<p>Politika privatnosti The Flight Room, brend u vlasni\u0161tvu tvrtke Just Fly d.o.o., po\u0161tuje va\u0161u privatnost i obvezuje se \u0161tititi osobne podatke koje prikupljamo putem na\u0161e web stranice i webshopa. Ova politika privatnosti obja\u0161njava kako prikupljamo, koristimo, dijelimo i \u0161titimo va\u0161e podatke te koja su va\u0161a prava u vezi&hellip;<\/p>","protected":false},"author":249266217,"featured_media":0,"parent":0,"menu_order":0,"comment_status":"closed","ping_status":"closed","template":"","meta":{"_crdt_document":"","footnotes":""},"class_list":["post-68","page","type-page","status-publish","hentry"],"jetpack_likes_enabled":true,"jetpack_sharing_enabled":true,"jetpack_shortlink":"https:\/\/wp.me\/PfGRjM-16","_links":{"self":[{"href":"https:\/\/theflightroom.hr\/en\/wp-json\/wp\/v2\/pages\/68","targetHints":{"allow":["GET"]}}],"collection":[{"href":"https:\/\/theflightroom.hr\/en\/wp-json\/wp\/v2\/pages"}],"about":[{"href":"https:\/\/theflightroom.hr\/en\/wp-json\/wp\/v2\/types\/page"}],"author":[{"embeddable":true,"href":"https:\/\/theflightroom.hr\/en\/wp-json\/wp\/v2\/users\/249266217"}],"replies":[{"embeddable":true,"href":"https:\/\/theflightroom.hr\/en\/wp-json\/wp\/v2\/comments?post=68"}],"version-history":[{"count":4,"href":"https:\/\/theflightroom.hr\/en\/wp-json\/wp\/v2\/pages\/68\/revisions"}],"predecessor-version":[{"id":7199,"href":"https:\/\/theflightroom.hr\/en\/wp-json\/wp\/v2\/pages\/68\/revisions\/7199"}],"wp:attachment":[{"href":"https:\/\/theflightroom.hr\/en\/wp-json\/wp\/v2\/media?parent=68"}],"curies":[{"name":"wp","href":"https:\/\/api.w.org\/{rel}","templated":true}]}}