{"id":6735,"date":"2024-07-07T09:40:47","date_gmt":"2024-07-07T07:40:47","guid":{"rendered":"https:\/\/theflightroom.hr\/?post_type=product&#038;p=6735"},"modified":"2026-04-27T10:24:51","modified_gmt":"2026-04-27T08:24:51","slug":"captain-poklon-kartica","status":"publish","type":"product","link":"https:\/\/theflightroom.hr\/en\/poklon-kartice\/captain-poklon-kartica\/","title":{"rendered":"Captain gift card"},"content":{"rendered":"<p class=\"translation-block\">Surprise your loved ones with a Captain gift card, the perfect gift for those who want to take control and experience the thrill of flying an Airbus A320. This gift card provides access to our 90-minute <a href=\"https:\/\/theflightroom.hr\/en\/paketi\/navigators-quest\/\" target=\"_self\">Navigator Quest experience<\/a>, providing a realistic immersion into the world of aviation with with a complete flight from Zagreb to Split and starting the aircraft 'from scratch'.<\/p>\n<p>Ovaj paket mogu podijeliti <strong>tri osobe<\/strong>, jedna za drugom preuzimaju\u0107i upravljanje zrakoplovom.<strong> Promatra\u010di su dobrodo\u0161li!<\/strong> Uz instruktora i osobu koja upravlja zrakoplovom, u kokpitu mogu biti jo\u0161 <strong>2-3 dodatne osobe<\/strong> kao promatra\u010di, bez dodatne naknade.<\/p>\n<h4><strong>Highlights<\/strong><\/h4>\n<ul>\n<li>Matches our Navigator's Quest package<\/li>\n<li>A 90-minute flying adventure in the Airbus A320 simulator<\/li>\n<li>Flight from Zagreb to Split or other similar destinations<\/li>\n<li>Valid for 365 days from the date of purchase<\/li>\n<li>Perfect for existing or future aviation enthusiasts<\/li>\n<\/ul>\n<p>&nbsp;<\/p>\n<h4>How to use a gift card<\/h4>\n<p class=\"translation-block\">Your loved ones can easily redeem their gift card by booking a <a href=\"https:\/\/theflightroom.hr\/en\/paketi\/navigators-quest\/\" target=\"_self\">Navigator Quest<\/a> package on our website and selecting the desired date . They simply need to enter the unique code from the gift card, which you can send them by email or give them as a physical gift, when booking an appointment to enjoy this exciting experience.<\/p>\n<h4><strong>Additional information about sending a gift card<\/strong><\/h4>\n<p data-start=\"200\" data-end=\"383\">Odmah nakon kupovine automatski dobivate <strong data-start=\"241\" data-end=\"309\">digitalnu personaliziranu poklon karticu u obliku boarding passa<\/strong>, koja sti\u017ee na va\u0161 e-mail kroz nekoliko minuta i mo\u017ee se odmah koristiti.<\/p>\n<p data-start=\"385\" data-end=\"443\">Uz digitalnu verziju, nudimo i dodatne mogu\u0107nosti dostave:<\/p>\n<ul data-start=\"445\" data-end=\"771\">\n<li data-start=\"445\" data-end=\"579\">\n<p data-start=\"447\" data-end=\"579\"><strong data-start=\"447\" data-end=\"473\">Fizi\u010dka poklon kartica<\/strong> \u2013 slanje na adresu unutar Hrvatske putem Paket24 ili GLS usluge<br data-start=\"529\" data-end=\"532\" \/><em data-start=\"534\" data-end=\"579\">(uz nadoplatu, rok isporuke 3\u20135 radna dana)<\/em><\/p>\n<\/li>\n<li data-start=\"581\" data-end=\"771\">\n<p data-start=\"583\" data-end=\"771\"><strong data-start=\"583\" data-end=\"611\">Preuzimanje u poslovnici<\/strong> \u2013 na adresi Kranj\u010devi\u0107eva 36, Tre\u0161njevka, Zagreb<br data-start=\"660\" data-end=\"663\" \/><em data-start=\"665\" data-end=\"771\">(rok pripreme 1\u20132 radna dana; dobit \u0107ete e-mail obavijest kada je poklon kartica spremna za preuzimanje)<\/em><\/p>\n<\/li>\n<\/ul>\n<p data-start=\"773\" data-end=\"888\">Pri kupovini molimo da navedete <strong data-start=\"805\" data-end=\"823\">ime primatelja<\/strong>, kako bi bilo uklju\u010deno u personalizirani dizajn poklon kartice.<\/p>","protected":false},"excerpt":{"rendered":"<p>Give the gift of an exciting experience with a Captain gift card! Perfect for aviation enthusiasts, this card gives access to our Navigator Quest package, providing the ultimate pilot experience with a 90-minute flight in the Airbus A320 simulator and a full flight from Zagreb to Split or similar destinations. Valid for 365 days.<\/p>","protected":false},"featured_media":6739,"template":"","meta":{"_crdt_document":"","jetpack_publicize_message":"","jetpack_publicize_feature_enabled":true,"jetpack_social_post_already_shared":true,"jetpack_social_options":{"image_generator_settings":{"template":"highway","default_image_id":0,"font":"","enabled":false},"version":2},"_wpas_customize_per_network":false},"product_brand":[],"product_cat":[70],"product_tag":[],"class_list":{"0":"post-6735","1":"product","2":"type-product","3":"status-publish","4":"has-post-thumbnail","6":"product_cat-poklon-kartice","8":"first","9":"instock","10":"virtual","11":"taxable","12":"purchasable","13":"product-type-simple"},"exclude_global_add_ons":false,"addons":[{"name":"\u017delim personaliziranu poklon karticu u sljede\u0107em obliku","type":"multiple_choice","position":0,"required":true,"title_format":"label","default":"0","description_enable":true,"description":"Nakon kupovine odmah dobivate e-mail potvrdu kao dokaz kupnje. Molimo odaberite na koji nacin zelite boarding kartu sa imenom.","placeholder_enable":false,"placeholder":"","display":"select","restrictions_type":"any_text","adjust_price":false,"price":"","price_type":"flat_fee","restrictions":false,"min":"0","max":"0","options":[{"label":"Digitalna boarding karta na e-mail (instant)","price":"","price_type":"flat_fee","image":0,"visibility":true},{"label":"Preuzimanje u poslovnici (rok 1-2 radna dana)","price":"","price_type":"flat_fee","image":0,"visibility":true},{"label":"Slanje na adresu u Hrvatsku (rok 3-5 radnih dana)","price":"5","price_type":"flat_fee","image":0,"visibility":true}],"id":1738849606},{"name":"Ime na personaliziranoj poklon kartici","type":"custom_text","position":1,"required":false,"title_format":"label","default":"","description_enable":true,"description":"Ime ili nadimak koje zelite na personaliziranoj poklon kartici (boarding pass \u2013 digitalna ili fizi\u010dka varijanta).","placeholder_enable":false,"placeholder":"","display":"select","restrictions_type":"any_text","adjust_price":false,"price":"","price_type":"flat_fee","restrictions":true,"min":"0","max":"28","options":[],"id":1738849605}],"jetpack_publicize_connections":[],"jetpack_likes_enabled":true,"jetpack_sharing_enabled":true,"_links":{"self":[{"href":"https:\/\/theflightroom.hr\/en\/wp-json\/wp\/v2\/product\/6735","targetHints":{"allow":["GET"]}}],"collection":[{"href":"https:\/\/theflightroom.hr\/en\/wp-json\/wp\/v2\/product"}],"about":[{"href":"https:\/\/theflightroom.hr\/en\/wp-json\/wp\/v2\/types\/product"}],"wp:featuredmedia":[{"embeddable":true,"href":"https:\/\/theflightroom.hr\/en\/wp-json\/wp\/v2\/media\/6739"}],"wp:attachment":[{"href":"https:\/\/theflightroom.hr\/en\/wp-json\/wp\/v2\/media?parent=6735"}],"wp:term":[{"taxonomy":"product_brand","embeddable":true,"href":"https:\/\/theflightroom.hr\/en\/wp-json\/wp\/v2\/product_brand?post=6735"},{"taxonomy":"product_cat","embeddable":true,"href":"https:\/\/theflightroom.hr\/en\/wp-json\/wp\/v2\/product_cat?post=6735"},{"taxonomy":"product_tag","embeddable":true,"href":"https:\/\/theflightroom.hr\/en\/wp-json\/wp\/v2\/product_tag?post=6735"}],"curies":[{"name":"wp","href":"https:\/\/api.w.org\/{rel}","templated":true}]}}