{"id":8185,"date":"2024-10-13T18:14:33","date_gmt":"2024-10-13T16:14:33","guid":{"rendered":"https:\/\/theflightroom.hr\/?post_type=product&#038;p=8185"},"modified":"2025-07-31T16:24:47","modified_gmt":"2025-07-31T14:24:47","slug":"sky-office-mini-team-building-iskustvo","status":"publish","type":"product","link":"https:\/\/theflightroom.hr\/en\/team-building\/sky-office-mini-team-building-iskustvo\/","title":{"rendered":"Sky office \u2013 Mini team building experience"},"content":{"rendered":"<h4><strong>Sky office <\/strong><\/h4>\n<p><strong>Replace your office with a cockpit for 2 hours and test teamwork through the most realistic flight over Zagreb!<\/strong><\/p>\n<p>Pozovite svoje kolege i skupa se upustite u jedinstveno iskustvo na na\u0161em naprednom simulatoru letenja. U ovoj mini team building avanturi do 6 osoba \u0107e imati priliku osjetiti kako je biti pilot, sura\u0111ivati i rje\u0161avati izazove izvan standardnog poslovnog okru\u017eenja.<\/p>\n<h3>What can you expect?<\/h3>\n<ul>\n<li class=\"translation-block\"><strong>Flight above Zagreb<\/strong>: Experience our beautiful metropolis from a pilot's perspective while flying a plane in a completely realistic simulator.<\/li>\n<li class=\"translation-block\"><strong>Fun and learning<\/strong>: A simultaneously serious and fun challenge that provides a unique combination of adrenaline and education.<\/li>\n<li><strong>Zabava i u\u010denje<\/strong>: Istovremeno ozbiljan i zabavan izazov koji pru\u017ea jedinstven spoj adrenalina i edukacije.<\/li>\n<\/ul>\n<h3>Benefits for your team:<\/h3>\n<ul>\n<li><strong>Improving communication and team dynamics<\/strong><\/li>\n<li><strong>Testing confidence in stressful situations<\/strong><\/li>\n<li><strong>New perspectives and challenges outside the office<\/strong><\/li>\n<\/ul>\n<h3>Who is this package for?<\/h3>\n<p>It is perfect for smaller teams who want to improve cooperation, communication and mutual trust, with a dose of adrenaline and fun.<\/p>\n<p><strong>Vrijeme trajanja: 120 minuta<\/strong><br \/>\n<strong>Maksimalno sudionika: do 6 osoba<\/strong><\/p>","protected":false},"excerpt":{"rendered":"<p>Pozovite kolege na jedinstven mini team building u The Flight Room! U\u017eivajte u 2 sata letenja u realisti\u010dnom simulatoru, testirajte timski rad i zabavite se. Max 6 osoba.<\/p>","protected":false},"featured_media":8187,"template":"","meta":{"_crdt_document":"","jetpack_publicize_message":"","jetpack_publicize_feature_enabled":true,"jetpack_social_post_already_shared":true,"jetpack_social_options":{"image_generator_settings":{"template":"highway","default_image_id":0,"font":"","enabled":false},"version":2},"_wpas_customize_per_network":false},"product_brand":[],"product_cat":[71],"product_tag":[],"class_list":{"0":"post-8185","1":"product","2":"type-product","3":"status-publish","4":"has-post-thumbnail","6":"product_cat-team-building","8":"first","9":"instock","10":"virtual","11":"sold-individually","12":"taxable","13":"purchasable","14":"product-type-appointment"},"exclude_global_add_ons":[],"addons":[],"jetpack_publicize_connections":[],"jetpack_likes_enabled":true,"jetpack_sharing_enabled":true,"_links":{"self":[{"href":"https:\/\/theflightroom.hr\/en\/wp-json\/wp\/v2\/product\/8185","targetHints":{"allow":["GET"]}}],"collection":[{"href":"https:\/\/theflightroom.hr\/en\/wp-json\/wp\/v2\/product"}],"about":[{"href":"https:\/\/theflightroom.hr\/en\/wp-json\/wp\/v2\/types\/product"}],"wp:featuredmedia":[{"embeddable":true,"href":"https:\/\/theflightroom.hr\/en\/wp-json\/wp\/v2\/media\/8187"}],"wp:attachment":[{"href":"https:\/\/theflightroom.hr\/en\/wp-json\/wp\/v2\/media?parent=8185"}],"wp:term":[{"taxonomy":"product_brand","embeddable":true,"href":"https:\/\/theflightroom.hr\/en\/wp-json\/wp\/v2\/product_brand?post=8185"},{"taxonomy":"product_cat","embeddable":true,"href":"https:\/\/theflightroom.hr\/en\/wp-json\/wp\/v2\/product_cat?post=8185"},{"taxonomy":"product_tag","embeddable":true,"href":"https:\/\/theflightroom.hr\/en\/wp-json\/wp\/v2\/product_tag?post=8185"}],"curies":[{"name":"wp","href":"https:\/\/api.w.org\/{rel}","templated":true}]}}